{"id":2163,"date":"2025-08-08T17:15:27","date_gmt":"2025-08-08T15:15:27","guid":{"rendered":"https:\/\/caroformationscovering.fr\/?page_id=2163"},"modified":"2025-08-08T17:56:51","modified_gmt":"2025-08-08T15:56:51","slug":"handicap","status":"publish","type":"page","link":"https:\/\/caroformationscovering.fr\/index.php\/caro-formations-covering\/handicap\/","title":{"rendered":"Handicap"},"content":{"rendered":"<p><div class=\"fusion-fullwidth fullwidth-box fusion-builder-row-1 fusion-flex-container has-pattern-background has-mask-background nonhundred-percent-fullwidth non-hundred-percent-height-scrolling\" style=\"--awb-border-radius-top-left:0px;--awb-border-radius-top-right:0px;--awb-border-radius-bottom-right:0px;--awb-border-radius-bottom-left:0px;--awb-margin-bottom:5%;--awb-flex-wrap:wrap;\" ><div class=\"fusion-builder-row fusion-row fusion-flex-align-items-flex-start fusion-flex-content-wrap\" style=\"max-width:1248px;margin-left: calc(-4% \/ 2 );margin-right: calc(-4% \/ 2 );\"><div class=\"fusion-layout-column fusion_builder_column fusion-builder-column-0 fusion_builder_column_1_1 1_1 fusion-flex-column\" style=\"--awb-bg-size:cover;--awb-width-large:100%;--awb-margin-top-large:0px;--awb-spacing-right-large:1.92%;--awb-margin-bottom-large:0px;--awb-spacing-left-large:1.92%;--awb-width-medium:100%;--awb-order-medium:0;--awb-spacing-right-medium:1.92%;--awb-spacing-left-medium:1.92%;--awb-width-small:100%;--awb-order-small:0;--awb-spacing-right-small:1.92%;--awb-spacing-left-small:1.92%;\"><div class=\"fusion-column-wrapper fusion-column-has-shadow fusion-flex-justify-content-flex-start fusion-content-layout-column\"><div class=\"fusion-title title fusion-title-1 fusion-sep-none fusion-title-center fusion-title-text fusion-title-size-one\"><h1 class=\"fusion-title-heading title-heading-center\" style=\"margin:0;text-transform:none;\">Accessibilit\u00e9 aux personnes en situation de handicap<\/h1><\/div><\/div><\/div><\/div><\/div><div class=\"fusion-fullwidth fullwidth-box fusion-builder-row-2 fusion-flex-container has-pattern-background has-mask-background nonhundred-percent-fullwidth non-hundred-percent-height-scrolling\" style=\"--awb-border-radius-top-left:0px;--awb-border-radius-top-right:0px;--awb-border-radius-bottom-right:0px;--awb-border-radius-bottom-left:0px;--awb-flex-wrap:wrap;\" ><div class=\"fusion-builder-row fusion-row fusion-flex-align-items-center fusion-flex-content-wrap\" style=\"max-width:1248px;margin-left: calc(-4% \/ 2 );margin-right: calc(-4% \/ 2 );\"><div class=\"fusion-layout-column fusion_builder_column fusion-builder-column-1 fusion_builder_column_1_2 1_2 fusion-flex-column\" style=\"--awb-bg-size:cover;--awb-width-large:50%;--awb-margin-top-large:0px;--awb-spacing-right-large:3.84%;--awb-margin-bottom-large:5%;--awb-spacing-left-large:3.84%;--awb-width-medium:50%;--awb-order-medium:0;--awb-spacing-right-medium:3.84%;--awb-spacing-left-medium:3.84%;--awb-width-small:100%;--awb-order-small:0;--awb-spacing-right-small:1.92%;--awb-spacing-left-small:1.92%;\"><div class=\"fusion-column-wrapper fusion-column-has-shadow fusion-flex-justify-content-flex-start fusion-content-layout-column\"><div class=\"fusion-text fusion-text-1\"><p>Notre organisme prend en compte les besoins des personnes en situation de handicap en proposant des am\u00e9nagements adapt\u00e9s.<\/p>\n<p>Lors de l&rsquo;\u00e9valuation initiale, nous identifions les besoins sp\u00e9cifiques de chaque b\u00e9n\u00e9ficiaire. En fonction de ces besoins, nous mettons en place des am\u00e9nagements tels que l&rsquo;adaptation des supports de formation, l&rsquo;acc\u00e8s au locaux ou la modification des modalit\u00e9s p\u00e9dagogiques.<\/p>\n<p>Notre objectif est de rendre la formation accessible et de favoriser la r\u00e9ussite de tous les participants.<\/p>\n<\/div><\/div><\/div><div class=\"fusion-layout-column fusion_builder_column fusion-builder-column-2 fusion_builder_column_1_2 1_2 fusion-flex-column\" style=\"--awb-overflow:hidden;--awb-bg-size:cover;--awb-border-radius:5px 5px 5px 5px;--awb-width-large:50%;--awb-margin-top-large:0px;--awb-spacing-right-large:3.84%;--awb-margin-bottom-large:5%;--awb-spacing-left-large:3.84%;--awb-width-medium:50%;--awb-order-medium:0;--awb-spacing-right-medium:3.84%;--awb-spacing-left-medium:3.84%;--awb-width-small:100%;--awb-order-small:0;--awb-spacing-right-small:1.92%;--awb-spacing-left-small:1.92%;\"><div class=\"fusion-column-wrapper fusion-column-has-shadow fusion-flex-justify-content-flex-start fusion-content-layout-column\"><div class=\"fusion-image-element \" style=\"--awb-caption-title-font-family:var(--h2_typography-font-family);--awb-caption-title-font-weight:var(--h2_typography-font-weight);--awb-caption-title-font-style:var(--h2_typography-font-style);--awb-caption-title-size:var(--h2_typography-font-size);--awb-caption-title-transform:var(--h2_typography-text-transform);--awb-caption-title-line-height:var(--h2_typography-line-height);--awb-caption-title-letter-spacing:var(--h2_typography-letter-spacing);\"><span class=\" fusion-imageframe imageframe-none imageframe-1 hover-type-none\" style=\"border-radius:20px;\"><img decoding=\"async\" width=\"2304\" height=\"1792\" alt=\"handicap covering\" title=\"handicap\" src=\"https:\/\/caroformationscovering.fr\/wp-content\/uploads\/2025\/08\/Firefly_une-personne-en-fauteuil-roulant-est-en-train-de-poser-du-covering-sur-un-vehicule-de-523557.jpg\" data-orig-src=\"https:\/\/caroformationscovering.fr\/wp-content\/uploads\/2025\/08\/Firefly_une-personne-en-fauteuil-roulant-est-en-train-de-poser-du-covering-sur-un-vehicule-de-523557.jpg\" class=\"lazyload img-responsive wp-image-2164\" srcset=\"data:image\/svg+xml,%3Csvg%20xmlns%3D%27http%3A%2F%2Fwww.w3.org%2F2000%2Fsvg%27%20width%3D%272304%27%20height%3D%271792%27%20viewBox%3D%270%200%202304%201792%27%3E%3Crect%20width%3D%272304%27%20height%3D%271792%27%20fill-opacity%3D%220%22%2F%3E%3C%2Fsvg%3E\" data-srcset=\"https:\/\/caroformationscovering.fr\/wp-content\/uploads\/2025\/08\/Firefly_une-personne-en-fauteuil-roulant-est-en-train-de-poser-du-covering-sur-un-vehicule-de-523557-200x156.jpg 200w, https:\/\/caroformationscovering.fr\/wp-content\/uploads\/2025\/08\/Firefly_une-personne-en-fauteuil-roulant-est-en-train-de-poser-du-covering-sur-un-vehicule-de-523557-400x311.jpg 400w, https:\/\/caroformationscovering.fr\/wp-content\/uploads\/2025\/08\/Firefly_une-personne-en-fauteuil-roulant-est-en-train-de-poser-du-covering-sur-un-vehicule-de-523557-600x467.jpg 600w, https:\/\/caroformationscovering.fr\/wp-content\/uploads\/2025\/08\/Firefly_une-personne-en-fauteuil-roulant-est-en-train-de-poser-du-covering-sur-un-vehicule-de-523557-800x622.jpg 800w, https:\/\/caroformationscovering.fr\/wp-content\/uploads\/2025\/08\/Firefly_une-personne-en-fauteuil-roulant-est-en-train-de-poser-du-covering-sur-un-vehicule-de-523557-1200x933.jpg 1200w, https:\/\/caroformationscovering.fr\/wp-content\/uploads\/2025\/08\/Firefly_une-personne-en-fauteuil-roulant-est-en-train-de-poser-du-covering-sur-un-vehicule-de-523557.jpg 2304w\" data-sizes=\"auto\" data-orig-sizes=\"(max-width: 718px) 100vw, 600px\" \/><\/span><\/div><\/div><\/div><\/div><\/div><div class=\"fusion-fullwidth fullwidth-box fusion-builder-row-3 fusion-flex-container has-pattern-background has-mask-background nonhundred-percent-fullwidth non-hundred-percent-height-scrolling\" style=\"--link_hover_color: var(--awb-color1);--link_color: var(--awb-color2);--awb-border-radius-top-left:0px;--awb-border-radius-top-right:0px;--awb-border-radius-bottom-right:0px;--awb-border-radius-bottom-left:0px;--awb-padding-top-medium:30px;--awb-padding-bottom-medium:90px;--awb-flex-wrap:wrap;\" ><div class=\"fusion-builder-row fusion-row fusion-flex-align-items-flex-start fusion-flex-justify-content-center fusion-flex-content-wrap\" style=\"max-width:1248px;margin-left: calc(-4% \/ 2 );margin-right: calc(-4% \/ 2 );\"><div class=\"fusion-layout-column fusion_builder_column fusion-builder-column-3 fusion_builder_column_1_1 1_1 fusion-flex-column fusion-animated\" style=\"--awb-padding-top-medium:70px;--awb-padding-bottom-medium:0px;--awb-overflow:visible;--awb-bg-color:var(--awb-color7);--awb-bg-color-hover:var(--awb-color7);--awb-bg-size:cover;--awb-border-radius:25px 25px 25px 25px;--awb-width-large:100%;--awb-margin-top-large:0px;--awb-spacing-right-large:1.92%;--awb-margin-bottom-large:45px;--awb-spacing-left-large:1.92%;--awb-width-medium:100%;--awb-order-medium:0;--awb-margin-top-medium:0px;--awb-spacing-right-medium:1.92%;--awb-spacing-left-medium:1.92%;--awb-width-small:100%;--awb-order-small:0;--awb-margin-top-small:0px;--awb-spacing-right-small:1.92%;--awb-margin-bottom-small:0;--awb-spacing-left-small:1.92%;\" data-animationType=\"fadeInUp\" data-animationDuration=\"1.3\" data-animationOffset=\"top-into-view\"><div class=\"fusion-column-wrapper fusion-column-has-shadow fusion-flex-justify-content-flex-start fusion-content-layout-column\"><div class=\"fusion-builder-row fusion-builder-row-inner fusion-row fusion-flex-align-items-flex-start fusion-flex-justify-content-center fusion-flex-content-wrap\" style=\"width:104% !important;max-width:104% !important;margin-left: calc(-4% \/ 2 );margin-right: calc(-4% \/ 2 );\"><div class=\"fusion-layout-column fusion_builder_column_inner fusion-builder-nested-column-0 fusion_builder_column_inner_2_3 2_3 fusion-flex-column fusion-flex-align-self-center\" style=\"--awb-padding-left:10%;--awb-padding-right-small:10%;--awb-padding-left-small:10%;--awb-bg-size:cover;--awb-width-large:66.666666666667%;--awb-margin-top-large:0px;--awb-spacing-right-large:2.88%;--awb-margin-bottom-large:0px;--awb-spacing-left-large:2.88%;--awb-width-medium:100%;--awb-order-medium:0;--awb-spacing-right-medium:1.92%;--awb-spacing-left-medium:1.92%;--awb-width-small:100%;--awb-order-small:0;--awb-spacing-right-small:1.92%;--awb-spacing-left-small:1.92%;\"><div class=\"fusion-column-wrapper fusion-column-has-shadow fusion-flex-justify-content-flex-start fusion-content-layout-column\"><div class=\"fusion-text fusion-text-2 fusion-text-no-margin\" style=\"--awb-content-alignment:center;--awb-margin-bottom:5%;\"><p>Mme Pilarczyk, r\u00e9f\u00e9rente handicap, assurera la communication relative \u00e0 l&rsquo;accessibilit\u00e9 et aux adaptations n\u00e9cessaires pour la personne en situation de handicap aupr\u00e8s du RHF AGEFIP de Meurthe-et-Moselle.<\/p>\n<p>Elle coordonnera l&rsquo;ensemble des d\u00e9marches, veillera \u00e0 la mise en oeuvre des am\u00e9nagements requis, et assurera un suivi afin de garantir l&rsquo;accessibilit\u00e9 optimale de la formation pour la personne concern\u00e9e.<\/p>\n<\/div><div class=\"fusion-image-element fusion-no-large-visibility\" style=\"text-align:center;--awb-margin-top-medium:60px;--awb-caption-title-font-family:var(--h2_typography-font-family);--awb-caption-title-font-weight:var(--h2_typography-font-weight);--awb-caption-title-font-style:var(--h2_typography-font-style);--awb-caption-title-size:var(--h2_typography-font-size);--awb-caption-title-transform:var(--h2_typography-text-transform);--awb-caption-title-line-height:var(--h2_typography-line-height);--awb-caption-title-letter-spacing:var(--h2_typography-letter-spacing);\"><span class=\" fusion-imageframe imageframe-none imageframe-2 hover-type-none\"><img decoding=\"async\" width=\"700\" height=\"1000\" alt=\"formation covering caro nancy metz expertise wrapping\" title=\"caro-formation-covering-nancy-metz-expertise\" src=\"https:\/\/caroformationscovering.fr\/wp-content\/uploads\/2023\/12\/caro-formation-nancy-metz-expertise.png\" data-orig-src=\"https:\/\/caroformationscovering.fr\/wp-content\/uploads\/2023\/12\/caro-formation-nancy-metz-expertise.png\" class=\"lazyload img-responsive wp-image-1813\" srcset=\"data:image\/svg+xml,%3Csvg%20xmlns%3D%27http%3A%2F%2Fwww.w3.org%2F2000%2Fsvg%27%20width%3D%27700%27%20height%3D%271000%27%20viewBox%3D%270%200%20700%201000%27%3E%3Crect%20width%3D%27700%27%20height%3D%271000%27%20fill-opacity%3D%220%22%2F%3E%3C%2Fsvg%3E\" data-srcset=\"https:\/\/caroformationscovering.fr\/wp-content\/uploads\/2023\/12\/caro-formation-nancy-metz-expertise-200x286.png 200w, https:\/\/caroformationscovering.fr\/wp-content\/uploads\/2023\/12\/caro-formation-nancy-metz-expertise-400x571.png 400w, https:\/\/caroformationscovering.fr\/wp-content\/uploads\/2023\/12\/caro-formation-nancy-metz-expertise-600x857.png 600w, https:\/\/caroformationscovering.fr\/wp-content\/uploads\/2023\/12\/caro-formation-nancy-metz-expertise.png 700w\" data-sizes=\"auto\" data-orig-sizes=\"(max-width: 718px) 100vw, 700px\" \/><\/span><\/div><\/div><\/div><div class=\"fusion-layout-column fusion_builder_column_inner fusion-builder-nested-column-1 fusion_builder_column_inner_1_3 1_3 fusion-flex-column fusion-no-small-visibility fusion-no-medium-visibility\" style=\"--awb-bg-size:cover;--awb-transform:scaleX(1.15) scaleY(1.15) translateX(85px) translateY(-25px);--awb-transform-hover:scaleX(1.15) scaleY(1.15) translateX(85px) translateY(-25px);--awb-width-large:33.333333333333%;--awb-margin-top-large:0px;--awb-spacing-right-large:28.8%;--awb-margin-bottom-large:0px;--awb-spacing-left-large:5.76%;--awb-width-medium:33.333333333333%;--awb-order-medium:0;--awb-spacing-right-medium:28.8%;--awb-spacing-left-medium:5.76%;--awb-width-small:100%;--awb-order-small:0;--awb-spacing-right-small:1.92%;--awb-spacing-left-small:1.92%;\"><div class=\"fusion-column-wrapper fusion-column-has-shadow fusion-flex-justify-content-flex-start fusion-content-layout-column\"><div class=\"fusion-image-element \" style=\"text-align:left;--awb-caption-title-font-family:var(--h2_typography-font-family);--awb-caption-title-font-weight:var(--h2_typography-font-weight);--awb-caption-title-font-style:var(--h2_typography-font-style);--awb-caption-title-size:var(--h2_typography-font-size);--awb-caption-title-transform:var(--h2_typography-text-transform);--awb-caption-title-line-height:var(--h2_typography-line-height);--awb-caption-title-letter-spacing:var(--h2_typography-letter-spacing);\"><span class=\" fusion-imageframe imageframe-none imageframe-3 hover-type-none\"><img decoding=\"async\" width=\"700\" height=\"1000\" alt=\"formation covering caro nancy metz expertise wrapping\" title=\"caro-formation-covering-nancy-metz-expertise\" src=\"https:\/\/caroformationscovering.fr\/wp-content\/uploads\/2023\/12\/caro-formation-nancy-metz-expertise.png\" data-orig-src=\"https:\/\/caroformationscovering.fr\/wp-content\/uploads\/2023\/12\/caro-formation-nancy-metz-expertise.png\" class=\"lazyload img-responsive wp-image-1813\" srcset=\"data:image\/svg+xml,%3Csvg%20xmlns%3D%27http%3A%2F%2Fwww.w3.org%2F2000%2Fsvg%27%20width%3D%27700%27%20height%3D%271000%27%20viewBox%3D%270%200%20700%201000%27%3E%3Crect%20width%3D%27700%27%20height%3D%271000%27%20fill-opacity%3D%220%22%2F%3E%3C%2Fsvg%3E\" data-srcset=\"https:\/\/caroformationscovering.fr\/wp-content\/uploads\/2023\/12\/caro-formation-nancy-metz-expertise-200x286.png 200w, https:\/\/caroformationscovering.fr\/wp-content\/uploads\/2023\/12\/caro-formation-nancy-metz-expertise-400x571.png 400w, https:\/\/caroformationscovering.fr\/wp-content\/uploads\/2023\/12\/caro-formation-nancy-metz-expertise-600x857.png 600w, https:\/\/caroformationscovering.fr\/wp-content\/uploads\/2023\/12\/caro-formation-nancy-metz-expertise.png 700w\" data-sizes=\"auto\" data-orig-sizes=\"(max-width: 718px) 100vw, 400px\" \/><\/span><\/div><\/div><\/div><\/div><\/div><\/div><\/div><\/div><\/p>\n","protected":false},"excerpt":{"rendered":"","protected":false},"author":1,"featured_media":0,"parent":1366,"menu_order":0,"comment_status":"closed","ping_status":"closed","template":"100-width.php","meta":{"footnotes":""},"class_list":["post-2163","page","type-page","status-publish","hentry"],"_links":{"self":[{"href":"https:\/\/caroformationscovering.fr\/index.php\/wp-json\/wp\/v2\/pages\/2163","targetHints":{"allow":["GET"]}}],"collection":[{"href":"https:\/\/caroformationscovering.fr\/index.php\/wp-json\/wp\/v2\/pages"}],"about":[{"href":"https:\/\/caroformationscovering.fr\/index.php\/wp-json\/wp\/v2\/types\/page"}],"author":[{"embeddable":true,"href":"https:\/\/caroformationscovering.fr\/index.php\/wp-json\/wp\/v2\/users\/1"}],"replies":[{"embeddable":true,"href":"https:\/\/caroformationscovering.fr\/index.php\/wp-json\/wp\/v2\/comments?post=2163"}],"version-history":[{"count":12,"href":"https:\/\/caroformationscovering.fr\/index.php\/wp-json\/wp\/v2\/pages\/2163\/revisions"}],"predecessor-version":[{"id":2179,"href":"https:\/\/caroformationscovering.fr\/index.php\/wp-json\/wp\/v2\/pages\/2163\/revisions\/2179"}],"up":[{"embeddable":true,"href":"https:\/\/caroformationscovering.fr\/index.php\/wp-json\/wp\/v2\/pages\/1366"}],"wp:attachment":[{"href":"https:\/\/caroformationscovering.fr\/index.php\/wp-json\/wp\/v2\/media?parent=2163"}],"curies":[{"name":"wp","href":"https:\/\/api.w.org\/{rel}","templated":true}]}}